{"id":7374,"date":"2020-02-11T23:59:01","date_gmt":"2020-02-11T23:59:01","guid":{"rendered":"https:\/\/www.durofix.com\/resellertest\/?page_id=7374"},"modified":"2020-02-12T00:14:58","modified_gmt":"2020-02-12T00:14:58","slug":"product-support-warranty","status":"publish","type":"page","link":"https:\/\/www.durofix.com\/reseller\/product-support-warranty\/","title":{"rendered":"Soporte y garant\u00eda de los productos"},"content":{"rendered":"<div class=\"row\"  id=\"row-946245221\">\n\n\t<div id=\"col-1379898772\" class=\"col small-12 large-12\"  >\n\t\t\t\t<div class=\"col-inner\"  >\n\t\t\t\n\t\t\t\n<h3 class=\"accordion_title\">Estamos aqu\u00ed para ayudarte<\/h3><div class=\"accordion\">\n\t<div id=\"accordion-2685095351\" class=\"accordion-item\">\n\t\t<a id=\"accordion-2685095351-label\" class=\"accordion-title plain active\" href=\"#accordion-item-cu\u00e9ntanos-m\u00e1s-sobre-el-problema\" aria-expanded=\"true\" aria-controls=\"accordion-2685095351-content\" >\n\t\t\t<button class=\"toggle\" aria-label=\"Toggle\"><i class=\"icon-angle-down\"><\/i><\/button>\n\t\t\t<span>Cu\u00e9ntanos m\u00e1s sobre el problema<\/span>\n\t\t<\/a>\n\t\t<div id=\"accordion-2685095351-content\" class=\"accordion-inner\" style=\"display: block;\" aria-labelledby=\"accordion-2685095351-label\" >\n\t\t\t\n<p>Abajo encontrar\u00e1s informaci\u00f3n detallada sobre los t\u00e9rminos y condiciones de la garant\u00eda.<\/p>\n<p>Ingresa la informaci\u00f3n en la parte de abajo o ll\u00e1manos al\u00a0<strong>1-877-MY-D-TOOL (1-877-693-8665)<\/strong>\u00a0para servicios de la garant\u00eda.\u00a0<\/p>\n\n<div class=\"wpcf7 no-js\" id=\"wpcf7-f5709-o1\" lang=\"en-US\" dir=\"ltr\" data-wpcf7-id=\"5709\">\n<div class=\"screen-reader-response\"><p role=\"status\" aria-live=\"polite\" aria-atomic=\"true\"><\/p> <ul><\/ul><\/div>\n<form action=\"\/reseller\/wp-json\/wp\/v2\/pages\/7374#wpcf7-f5709-o1\" method=\"post\" class=\"wpcf7-form init\" aria-label=\"Contact form\" novalidate=\"novalidate\" data-status=\"init\">\n<fieldset class=\"hidden-fields-container\"><input type=\"hidden\" name=\"_wpcf7\" value=\"5709\" \/><input type=\"hidden\" name=\"_wpcf7_version\" value=\"6.1.5\" \/><input type=\"hidden\" name=\"_wpcf7_locale\" value=\"en_US\" \/><input type=\"hidden\" name=\"_wpcf7_unit_tag\" value=\"wpcf7-f5709-o1\" \/><input type=\"hidden\" name=\"_wpcf7_container_post\" value=\"0\" \/><input type=\"hidden\" name=\"_wpcf7_posted_data_hash\" value=\"\" \/><input type=\"hidden\" name=\"_wpcf7_recaptcha_response\" value=\"\" \/>\n<\/fieldset>\n<p><span class=\"wpcf7-form-control-wrap\" data-name=\"your-name\"><input size=\"40\" maxlength=\"400\" class=\"wpcf7-form-control wpcf7-text wpcf7-validates-as-required\" aria-required=\"true\" aria-invalid=\"false\" placeholder=\"Your Name (required)\" value=\"\" type=\"text\" name=\"your-name\" \/><\/span>\n<\/p>\n<p><span class=\"wpcf7-form-control-wrap\" data-name=\"your-email\"><input size=\"40\" maxlength=\"400\" class=\"wpcf7-form-control wpcf7-email wpcf7-validates-as-required wpcf7-text wpcf7-validates-as-email\" aria-required=\"true\" aria-invalid=\"false\" placeholder=\"Your Email (required)\" value=\"\" type=\"email\" name=\"your-email\" \/><\/span><br \/>\nSelect Service Type: <span class=\"wpcf7-form-control-wrap\" data-name=\"support-type\"><select class=\"wpcf7-form-control wpcf7-select wpcf7-validates-as-required\" aria-required=\"true\" aria-invalid=\"false\" name=\"support-type\"><option value=\"- Please Select -\">- Please Select -<\/option><option value=\"Pre-Sales\">Pre-Sales<\/option><option value=\"Orders &amp; Tracking\">Orders &amp; Tracking<\/option><option value=\"Tech Support\">Tech Support<\/option><option value=\"Product Registration\">Product Registration<\/option><option value=\"Warranty Service\">Warranty Service<\/option><\/select><\/span>\n<\/p>\n<p>[group pre-sales]<br \/>\n<span class=\"wpcf7-form-control-wrap\" data-name=\"your-company-name\"><input size=\"40\" maxlength=\"400\" class=\"wpcf7-form-control wpcf7-text\" aria-invalid=\"false\" placeholder=\"Your Company Name (required)\" value=\"\" type=\"text\" name=\"your-company-name\" \/><\/span><br \/>\n<span class=\"wpcf7-form-control-wrap\" data-name=\"your-company-website\"><input size=\"40\" maxlength=\"400\" class=\"wpcf7-form-control wpcf7-url wpcf7-text wpcf7-validates-as-url\" aria-invalid=\"false\" placeholder=\"Company URL\" value=\"\" type=\"url\" name=\"your-company-website\" \/><\/span><br \/>\n[\/group]\n<\/p>\n<p>[group order-related clear_on_hide]<br \/>\nSelect Sales Channel: <span class=\"wpcf7-form-control-wrap\" data-name=\"sales-channel\"><select class=\"wpcf7-form-control wpcf7-select\" aria-invalid=\"false\" name=\"sales-channel\"><option value=\"- Please Select -\">- Please Select -<\/option><option value=\"Durofix\">Durofix<\/option><option value=\"3rd party or online marketplace\">3rd party or online marketplace<\/option><\/select><\/span>\n<\/p>\n<p>[\/group]<br \/>\n[group durofix-order clear_on_hide]<br \/>\n<span class=\"wpcf7-form-control-wrap\" data-name=\"dus-order-number\"><input size=\"40\" maxlength=\"400\" class=\"wpcf7-form-control wpcf7-text\" aria-invalid=\"false\" placeholder=\"Durofix Order Number (Required)\" value=\"\" type=\"text\" name=\"dus-order-number\" \/><\/span><br \/>\n[\/group]<br \/>\n[group other-order clear_on_hide]\n<\/p>\n<p><label> Please contact 3rd party or E-commerce marketplace directly <\/label>\n<\/p>\n<p>[\/group]\n<\/p>\n<p>[group tech-support]<br \/>\n<span class=\"wpcf7-form-control-wrap\" data-name=\"model-number\"><input size=\"40\" maxlength=\"400\" class=\"wpcf7-form-control wpcf7-text\" aria-invalid=\"false\" placeholder=\"Durofix Model# (required)\" value=\"\" type=\"text\" name=\"model-number\" \/><\/span><br \/>\n[\/group]\n<\/p>\n<p>[group registration clear_on_hide]\n<\/p>\n<p><label>Please visit <a href=\"\/product-registration\">Product Registration Page<\/a><\/label>\n<\/p>\n<p>[\/group]\n<\/p>\n<p>[group warranty]<br \/>\n<span class=\"wpcf7-form-control-wrap\" data-name=\"model-number\"><input size=\"40\" maxlength=\"400\" class=\"wpcf7-form-control wpcf7-text\" aria-invalid=\"false\" placeholder=\"Durofix Model# (required)\" value=\"\" type=\"text\" name=\"model-number\" \/><\/span><br \/>\n<span class=\"wpcf7-form-control-wrap\" data-name=\"product-serial\"><input size=\"40\" maxlength=\"400\" class=\"wpcf7-form-control wpcf7-text\" aria-invalid=\"false\" placeholder=\"Product Serial#\" value=\"\" type=\"text\" name=\"product-serial\" \/><\/span><br \/>\n[\/group]\n<\/p>\n<p>[group customer-input]<br \/>\n<label> Brief descriptions of the issue (Required)<\/label><br \/>\n<span class=\"wpcf7-form-control-wrap\" data-name=\"your-msg\"><textarea cols=\"40\" rows=\"10\" maxlength=\"2000\" class=\"wpcf7-form-control wpcf7-textarea wpcf7-validates-as-required\" aria-required=\"true\" aria-invalid=\"false\" placeholder=\"Tell us more so we can help better\" name=\"your-msg\"><\/textarea><\/span>\n<\/p>\n<p><input class=\"wpcf7-form-control wpcf7-submit has-spinner\" type=\"submit\" value=\"Send\" \/><br \/>\n[\/group]\n<\/p><div class=\"wpcf7-response-output\" aria-hidden=\"true\"><\/div>\n<\/form>\n<\/div>\n\n\t\t<\/div>\n\t<\/div>\n\t\n<\/div>\n\t<div id=\"gap-1679784433\" class=\"gap-element clearfix\" style=\"display:block; height:auto;\">\n\t\t\n<style>\n#gap-1679784433 {\n  padding-top: 30px;\n}\n<\/style>\n\t<\/div>\n\t\n<p><a name=\"1\"><\/a><\/p>\n<h3>T\u00e9rminos y condiciones de la garant\u00eda<\/h3>\n<p>La garant\u00eda solo aplica a los Estados Unidos de Am\u00e9rica. Para Canad\u00e1, favor de llamar para obtener m\u00e1s informaci\u00f3n<\/p>\n<p><strong>Garant\u00eda limitada est\u00e1ndar de 1 a\u00f1o DUROFIX<\/strong><\/p>\n<p>Garant\u00eda limitada est\u00e1ndar de un a\u00f1o. DUROFIX reparar\u00e1 o reemplazar\u00e1, incluyendo piezas y mano de obra, sin cargo, por cualquier defecto debido a materiales defectuosos o mano de obra durante un a\u00f1o a partir de la fecha de compra. Esta garant\u00eda no cubre fallas de piezas debido al desgaste normal o abuso de herramientas. Esta garant\u00eda no se aplica a da\u00f1os causados por reparaciones o modificaciones no autorizadas que otras personas hayan realizado o intentado.\u00a0<\/p>\n<p>El per\u00edodo de garant\u00eda comienza a partir de la fecha original de compra. Se requiere comprobante de compra para determinar la fecha original de compra. Si no se proporciona o no hay comprobante de compra, la fecha de fabricaci\u00f3n original del producto se utilizar\u00e1 para determinar el per\u00edodo de garant\u00eda..<\/p>\n<p><strong>Garant\u00eda limitada de 3 a\u00f1os DUROFIX\u00a0<\/strong><\/p>\n<p><em>SOLO para productos con t\u00e9rminos de garant\u00eda de 3 a\u00f1os especificados en el manual del producto:<\/em><\/p>\n<p>Garant\u00eda limitada de tres a\u00f1os. Dentro del primer a\u00f1o, DUROFIX reparar\u00e1 o reemplazar\u00e1, incluyendo piezas y mano de obra, sin cargo, por cualquier defecto debido a materiales defectuosos o mano de obra. DUROFIX proporcionar\u00e1 piezas de repuesto \u00fanicamente, sin cargo, despu\u00e9s de que el an\u00e1lisis por parte de DUROFIX determine que hay defectos de material o mano de obra durante un per\u00edodo de segundo y tercer a\u00f1o a partir de la fecha de compra. Esta garant\u00eda no cubre fallas de piezas debido al desgaste normal o abuso de herramientas. Esta garant\u00eda no se aplica a bater\u00edas, cargadores, accesorios y partes acopladas. Esta garant\u00eda no se aplica a da\u00f1os causados por reparaciones o modificaciones no autorizadas que otros hayan realizado o intentado. Esta garant\u00eda te otorga derechos legales espec\u00edficos y puedes tener otros derechos que var\u00edan en ciertos estados o provincias.<\/p>\n<p>Dentro del primer a\u00f1o, piezas y mano de obra gratis. DUROFIX reparar\u00e1 o reemplazar\u00e1, incluyendo piezas y mano de obra, sin cargo, por cualquier defecto debido a materiales defectuosos o mano de obra durante un a\u00f1o o primer a\u00f1o a partir de la fecha de compra.\u00a0<\/p>\n<p>El per\u00edodo de garant\u00eda comienza a partir de la fecha original de compra. Se requiere comprobante de compra para determinar la fecha original de compra. Si no se proporciona o no hay comprobante de compra, la fecha de fabricaci\u00f3n original del producto se utilizar\u00e1 para determinar el per\u00edodo de garant\u00eda..<\/p>\n<p>\u00a0<\/p>\n<p><strong>SERVICIO Y T\u00c9RMINOS DE LA GARANT\u00cdA<\/strong><\/p>\n<p>Al comprar el producto, el comprador reconoce y acepta expresamente que su \u00fanico y exclusivo remedio bajo esta garant\u00eda se limitar\u00e1 estrictamente a la reparaci\u00f3n o reemplazo de cualquier art\u00edculo o pieza no satisfactoria cubierta, de lo cual se estipula que dicho art\u00edculo y\/o pieza no satisfactoria se devuelve de inmediato a las instalaciones de Durofix con franqueo prepagado y asegurado (direcci\u00f3n: DUROFIX INC., 9168 PITTSBURGH AVENUE, RANCHO CUCAMONGA, CA 91730, USA, Attn: Servicio al cliente 1-877-MY-D-TOOL (1-877-693-8665)) dentro del per\u00edodo de garant\u00eda aplicable, con una solicitud por escrito del comprador para que Durofix repare y\/o reemplace el art\u00edculo y\/o la pieza no satisfactoria. Recomendamos que conserves el embalaje original del producto en caso de que necesites enviar la unidad. Sugerimos que el paquete est\u00e9 asegurado contra p\u00e9rdidas o da\u00f1os en tr\u00e1nsito. Cuando env\u00edes tu producto, incluye tu nombre, direcci\u00f3n, n\u00famero de tel\u00e9fono, comprobante de compra fechado (o copia) y una declaraci\u00f3n sobre la naturaleza del problema. La cobertura de la garant\u00eda est\u00e1 condicionada a que el comprador proporcione a Durofix la prueba escrita adecuada de que es el comprador original y de la fecha de compra original. Las piezas devueltas, con flete prepago y asegurado, a las instalaciones de Durofix (ver direcci\u00f3n anterior) ser\u00e1n inspeccionadas y, a opci\u00f3n de Durofix, reparadas y\/o reemplazadas sin cargo si se encuentran defectuosas y sujetas a garant\u00eda. Durofix se reserva la discreci\u00f3n exclusiva para determinar si alguna o parte no es satisfactoria y, de ser as\u00ed, si el art\u00edculo y\/o parte ser\u00e1n reparados. Si la unidad es reparada, nueva o reacondicionada, se pueden usar piezas de repuesto. Si Durofix elige reemplazar el producto, puede reemplazarlo por uno nuevo o reacondicionado del mismo dise\u00f1o o uno comparable. La unidad reparada o reemplazada estar\u00e1 garantizada seg\u00fan los t\u00e9rminos del resto del per\u00edodo de garant\u00eda. Por lo general, en un producto defectuoso que se devuelve dentro de los primeros 30 d\u00edas y dentro del per\u00edodo de garant\u00eda, las piezas defectuosas cubiertas que no est\u00e1n sujetas a desgaste normal u otras exclusiones ser\u00e1n reparadas o reemplazadas, a opci\u00f3n de Durofix. Durante el per\u00edodo de garant\u00eda, Durofix ser\u00e1 responsable de los gastos de env\u00edo de devoluci\u00f3n. La reparaci\u00f3n y\/o el reemplazo de cualquier art\u00edculo no satisfactorio y\/o parte del mismo por parte de Durofix constituir\u00e1 el cumplimiento de todas las obligaciones para con el comprador. Durofix no ser\u00e1 responsable de ning\u00fan gasto, incluidos los gastos de env\u00edo o las reparaciones realizadas fuera de las instalaciones de Durofix, a menos que Durofix lo acuerde expresamente por escrito. En ning\u00fan caso Durofix ser\u00e1 responsable por la p\u00e9rdida de la unidad, p\u00e9rdida de tiempo o alquiler, inconvenientes, p\u00e9rdida comercial o da\u00f1os consecuentes.<\/p>\n<p><strong>EXCLUSIONES<\/strong><\/p>\n<p>Esta garant\u00eda no cubre piezas da\u00f1adas debido al desgaste normal, condiciones anormales, aplicaci\u00f3n incorrecta, uso indebido, abuso, accidentes, operaci\u00f3n a presiones o temperaturas diferentes a las recomendadas, almacenamiento incorrecto o da\u00f1os en la carga. Las piezas da\u00f1adas o desgastadas por la operaci\u00f3n en ambientes polvorientos no est\u00e1n garantizadas. El incumplimiento de los procedimientos recomendados de operaci\u00f3n y mantenimiento tambi\u00e9n anula la garant\u00eda. Esta garant\u00eda limitada no se aplica a art\u00edculos accesorios como hojas de sierra circular, hojas de sierra de calar, brocas, brocas de atornillar, ruedas de corte, hojas de corte, discos de esmeril, hojas de lijado y otros art\u00edculos relacionados. DA\u00d1O AL PRODUCTO RESULTANTE DE MODIFICACI\u00d3N, ACCIDENTE, ABUSO, NEGLIGENCIA, INCUMPLIMIENTO DE LAS INSTRUCCIONES, REPARACIONES O ALTERACIONES NO AUTORIZADAS, DA\u00d1O DURANTE EL TRANSPORTE A NUESTRA INSTALACI\u00d3N DE SERVICIO, USO DE ACCESORIOS NO APROBADOS O INCORRECTOS, OTROS ACCESORIOS O ACOPLAMIENTOS, APLICACIONES COMERCIALES Y DE ALQUILER U OTRAS CAUSAS NO RELACIONADAS CON PROBLEMAS CON MATERIAL O MANO DE OBRA NO EST\u00c1N CUBIERTAS POR LA GARANT\u00cdA.<\/p>\n<p>Durofix no ser\u00e1 responsable de lo siguiente: cargos por mano de obra, p\u00e9rdidas o da\u00f1os resultantes del funcionamiento incorrecto, mantenimiento o reparaciones realizadas por otras personas; servicios previos a la entrega, como montaje, aceite o lubricantes, y ajustes; servicios de mantenimiento que normalmente se requieren para cuidar el producto.<\/p>\n<p>El uso de piezas de reparaci\u00f3n que no sean genuinas de Durofix anular\u00e1 la garant\u00eda.<\/p>\n<p><strong>DESCARGO DE RESPONSABILIDAD DE GARANT\u00cdA<\/strong><\/p>\n<p>EXCLUSI\u00d3N Y DESCARGO DE RESPONSABILIDAD DE TODAS LAS OTRAS GARANT\u00cdAS, PROMESAS Y\/O REPRESENTACIONES EXPRESAS. EXCEPTO POR LA GARANT\u00cdA LIMITADA PROPORCIONADA ANTERIORMENTE, TODAS LAS OTRAS GARANT\u00cdAS, PROMESAS Y\/O REPRESENTACIONES EXPRESAS DE DUROFIX Y\/O SUS REPRESENTANTES RESPECTO AL DISE\u00d1O, FABRICACI\u00d3N, COMPRA, USO Y\/U OPERACI\u00d3N DEL PRODUCTO O CUALQUIER COMPONENTE AQU\u00cd VENDIDO, SIN TENER EN CUENTA QUE CUALQUIERA GARANT\u00cdA, PROMESA Y\/O REPRESENTACI\u00d3N, ESCRITA U ORAL, SE PRODUCE POR OPERACI\u00d3N DE LEY Y\/O RECURSOS PROPIOS Y\/O POR CUALQUIER ACTO U OMISI\u00d3N DE DUROFIX Y\/O SUS REPRESENTANTES, O EL COMPRADOR, EST\u00c1N EXPRESAMENTE EXCLUIDOS Y RECHAZADOS POR DUROFIX Y\/O SUS REPRESENTANTES. EL COMPRADOR RENUNCIA DE FORMA VOLUNTARIA Y EXPRESA A CUALQUIERA Y A TODAS LAS GARANT\u00cdAS Y DERECHOS, RECLAMACIONES Y\/O CAUSAS DE ACCI\u00d3N DERIVADAS O BASADAS EN EL MISMO. EL \u00daNICO Y EXCLUSIVO RECURSO DEL COMPRADOR EST\u00c1 EXPRESADO EN LOS P\u00c1RRAFOS ANTERIORES.<\/p>\n<p>EXCLUSI\u00d3N Y DESCARGO DE RESPONSABILIDAD DE TODAS LAS GARANT\u00cdAS IMPL\u00cdCITAS, INCLUIDAS LAS GARANT\u00cdAS IMPL\u00cdCITAS DE COMERCIABILIDAD Y ADECUACI\u00d3N PARA UN PROP\u00d3SITO EN PARTICULAR. NO SE HACE NINGUNA GARANT\u00cdA, ORAL O ESCRITA, QUE NO SEA LA GARANT\u00cdA ANTERIORMENTE EXPRESADA CON RESPECTO A ESTE PRODUCTO. TODAS LAS GARANT\u00cdAS, PROMESAS Y\/O REPRESENTACIONES EXPRESAS DE DUROFIX Y\/O SUS REPRESENTANTES RESPECTO AL DISE\u00d1O, FABRICACI\u00d3N, COMPRA, USO Y\/U OPERACI\u00d3N DEL PRODUCTO O CUALQUIER COMPONENTE AQU\u00cd VENDIDO, SIN TENER EN CUENTA QUE CUALQUIERA GARANT\u00cdA, PROMESA Y\/O REPRESENTACI\u00d3N, ESCRITA U ORAL, SE PRODUCE POR OPERACI\u00d3N DE LEY Y\/O RECURSOS PROPIOS Y\/O POR CUALQUIER ACTO U OMISI\u00d3N DE DUROFIX Y\/O SUS REPRESENTANTES, O EL COMPRADOR, INCLUYENDO PERO SIN LIMITARSE A LA GARANT\u00cdA IMPL\u00cdCITA DE COMERCIABILIDAD Y LA GARANT\u00cdA DE ADECUACI\u00d3N PARA UN PROP\u00d3SITO EN PARTICULAR, EST\u00c1N EXPRESAMENTE EXCLUIDOS Y RECHAZADOS POR DUROFIX Y\/O SUS REPRESENTANTES. EL COMPRADOR RENUNCIA DE FORMA VOLUNTARIA Y EXPRESA A CUALQUIERA Y A TODAS LAS GARANT\u00cdAS Y DERECHOS, RECLAMACIONES Y\/O CAUSAS DE ACCI\u00d3N DERIVADAS O BASADAS EN EL MISMO. EL \u00daNICO Y EXCLUSIVO RECURSO DEL COMPRADOR EST\u00c1 EXPRESADO EN LOS P\u00c1RRAFOS ANTERIORES.<\/p>\n<p><strong>LIMITACI\u00d3N DE RESPONSABILIDAD<\/strong><\/p>\n<p>EN NING\u00daN CASO DUROFIX Y\/O SU REPRESENTANTE(S) SER\u00c1N RESPONSABLES POR DA\u00d1OS INDIRECTOS, INCIDENTALES, ESPECIALES Y\/O CONSECUENTES DE NING\u00daN TIPO DERIVADOS DE, DIRECTA O INDIRECTAMENTE, CUALQUIER INCUMPLIMIENTO DE CUALQUIER DISPOSICI\u00d3N DE CUALQUIER ACUERDO ENTRE DUROFIX Y\/O SU REPRESENTANTE(S) Y EL COMPRADOR, CUALQUIER GARANT\u00cdA ADJUNTA, Y\/O LA EXISTENCIA, DISE\u00d1O, FABRICACI\u00d3N, COMPRA, USO Y\/U OPERACI\u00d3N DE CUALQUIER ART\u00cdCULO(S) VENDIDO AQU\u00cd, INCLUSO SI DUROFIX Y\/O SU REPRESENTANTE(S) HA SIDO INFORMADO DE LA POSIBILIDAD DE DICHOS DA\u00d1OS. EN NING\u00daN CASO, POR RESULTADO DEL INCUMPLIMIENTO DEL CONTRATO, LA GARANT\u00cdA, AGRAVIO (INCLUYENDO LA NEGLIGENCIA) O DE OTRA MANERA, LA RESPONSABILIDAD DE DUROFIX Y\/O SU REPRESENTANTE(S) EXCEDER\u00c1 EL PRECIO DEL PRODUCTO. CUALQUIER RESPONSABILIDAD CONECTADA CON EL USO DE ESTE PRODUCTO TERMINAR\u00c1 AL VENCIMIENTO DE LOS PER\u00cdODOS DE GARANT\u00cdA ESPECIFICADOS ANTERIORMENTE.<\/p>\n<p>\u00a0<\/p>\n<p><strong>LIMITACI\u00d3N DEL DESCARGO DE RESPONSABILIDAD DE GARANT\u00cdA<\/strong><\/p>\n<p>Si tu producto no est\u00e1 cubierto por esta garant\u00eda, llama a nuestro Departamento de Servicio al Cliente al 1-877-MY-D-TOOL (1-877-693-8665) para informaci\u00f3n sobre reparaciones generales y cargos.<\/p>\n\t\t<\/div>\n\t\t\t\t\t<\/div>\n\n\t\n<\/div>\n","protected":false},"excerpt":{"rendered":"","protected":false},"author":1,"featured_media":6501,"parent":0,"menu_order":0,"comment_status":"closed","ping_status":"closed","template":"page-blank-title-center.php","meta":{"_acf_changed":false,"footnotes":""},"class_list":["post-7374","page","type-page","status-publish","has-post-thumbnail","hentry"],"acf":[],"yoast_head":"<!-- This site is optimized with the Yoast SEO plugin v27.4 - https:\/\/yoast.com\/product\/yoast-seo-wordpress\/ -->\n<title>Soporte y garant\u00eda de los productos - Durofix-B2B<\/title>\n<meta name=\"robots\" content=\"index, follow, max-snippet:-1, max-image-preview:large, max-video-preview:-1\" \/>\n<link rel=\"canonical\" href=\"https:\/\/www.durofix.com\/reseller\/product-support-warranty\/\" \/>\n<meta property=\"og:locale\" content=\"en_US\" \/>\n<meta property=\"og:type\" content=\"article\" \/>\n<meta property=\"og:title\" content=\"Soporte y garant\u00eda de los productos - Durofix-B2B\" \/>\n<meta property=\"og:url\" content=\"https:\/\/www.durofix.com\/reseller\/product-support-warranty\/\" \/>\n<meta property=\"og:site_name\" content=\"Durofix-B2B\" \/>\n<meta property=\"article:modified_time\" content=\"2020-02-12T00:14:58+00:00\" \/>\n<meta property=\"og:image\" content=\"https:\/\/www.durofix.com\/reseller\/wp-content\/uploads\/sites\/22\/2019\/09\/Durofix-logo.png\" \/>\n\t<meta property=\"og:image:width\" content=\"1876\" \/>\n\t<meta property=\"og:image:height\" content=\"547\" \/>\n\t<meta property=\"og:image:type\" content=\"image\/png\" \/>\n<meta name=\"twitter:card\" content=\"summary_large_image\" \/>\n<meta name=\"twitter:label1\" content=\"Est. reading time\" \/>\n\t<meta name=\"twitter:data1\" content=\"9 minutes\" \/>\n<script type=\"application\/ld+json\" class=\"yoast-schema-graph\">{\"@context\":\"https:\\\/\\\/schema.org\",\"@graph\":[{\"@type\":\"WebPage\",\"@id\":\"https:\\\/\\\/www.durofix.com\\\/reseller\\\/product-support-warranty\\\/\",\"url\":\"https:\\\/\\\/www.durofix.com\\\/reseller\\\/product-support-warranty\\\/\",\"name\":\"Soporte y garant\u00eda de los productos - Durofix-B2B\",\"isPartOf\":{\"@id\":\"https:\\\/\\\/www.durofix.com\\\/reseller\\\/#website\"},\"primaryImageOfPage\":{\"@id\":\"https:\\\/\\\/www.durofix.com\\\/reseller\\\/product-support-warranty\\\/#primaryimage\"},\"image\":{\"@id\":\"https:\\\/\\\/www.durofix.com\\\/reseller\\\/product-support-warranty\\\/#primaryimage\"},\"thumbnailUrl\":\"https:\\\/\\\/www.durofix.com\\\/reseller\\\/wp-content\\\/uploads\\\/sites\\\/22\\\/2019\\\/09\\\/Durofix-logo.png\",\"datePublished\":\"2020-02-11T23:59:01+00:00\",\"dateModified\":\"2020-02-12T00:14:58+00:00\",\"breadcrumb\":{\"@id\":\"https:\\\/\\\/www.durofix.com\\\/reseller\\\/product-support-warranty\\\/#breadcrumb\"},\"inLanguage\":\"en-US\",\"potentialAction\":[{\"@type\":\"ReadAction\",\"target\":[\"https:\\\/\\\/www.durofix.com\\\/reseller\\\/product-support-warranty\\\/\"]}]},{\"@type\":\"ImageObject\",\"inLanguage\":\"en-US\",\"@id\":\"https:\\\/\\\/www.durofix.com\\\/reseller\\\/product-support-warranty\\\/#primaryimage\",\"url\":\"https:\\\/\\\/www.durofix.com\\\/reseller\\\/wp-content\\\/uploads\\\/sites\\\/22\\\/2019\\\/09\\\/Durofix-logo.png\",\"contentUrl\":\"https:\\\/\\\/www.durofix.com\\\/reseller\\\/wp-content\\\/uploads\\\/sites\\\/22\\\/2019\\\/09\\\/Durofix-logo.png\",\"width\":1876,\"height\":547},{\"@type\":\"BreadcrumbList\",\"@id\":\"https:\\\/\\\/www.durofix.com\\\/reseller\\\/product-support-warranty\\\/#breadcrumb\",\"itemListElement\":[{\"@type\":\"ListItem\",\"position\":1,\"name\":\"Home\",\"item\":\"https:\\\/\\\/www.durofix.com\\\/reseller\\\/\"},{\"@type\":\"ListItem\",\"position\":2,\"name\":\"Soporte y garant\u00eda de los productos\"}]},{\"@type\":\"WebSite\",\"@id\":\"https:\\\/\\\/www.durofix.com\\\/reseller\\\/#website\",\"url\":\"https:\\\/\\\/www.durofix.com\\\/reseller\\\/\",\"name\":\"Durofix-B2B\",\"description\":\"\",\"potentialAction\":[{\"@type\":\"SearchAction\",\"target\":{\"@type\":\"EntryPoint\",\"urlTemplate\":\"https:\\\/\\\/www.durofix.com\\\/reseller\\\/?s={search_term_string}\"},\"query-input\":{\"@type\":\"PropertyValueSpecification\",\"valueRequired\":true,\"valueName\":\"search_term_string\"}}],\"inLanguage\":\"en-US\"}]}<\/script>\n<!-- \/ Yoast SEO plugin. -->","yoast_head_json":{"title":"Soporte y garant\u00eda de los productos - Durofix-B2B","robots":{"index":"index","follow":"follow","max-snippet":"max-snippet:-1","max-image-preview":"max-image-preview:large","max-video-preview":"max-video-preview:-1"},"canonical":"https:\/\/www.durofix.com\/reseller\/product-support-warranty\/","og_locale":"en_US","og_type":"article","og_title":"Soporte y garant\u00eda de los productos - Durofix-B2B","og_url":"https:\/\/www.durofix.com\/reseller\/product-support-warranty\/","og_site_name":"Durofix-B2B","article_modified_time":"2020-02-12T00:14:58+00:00","og_image":[{"width":1876,"height":547,"url":"https:\/\/www.durofix.com\/reseller\/wp-content\/uploads\/sites\/22\/2019\/09\/Durofix-logo.png","type":"image\/png"}],"twitter_card":"summary_large_image","twitter_misc":{"Est. reading time":"9 minutes"},"schema":{"@context":"https:\/\/schema.org","@graph":[{"@type":"WebPage","@id":"https:\/\/www.durofix.com\/reseller\/product-support-warranty\/","url":"https:\/\/www.durofix.com\/reseller\/product-support-warranty\/","name":"Soporte y garant\u00eda de los productos - Durofix-B2B","isPartOf":{"@id":"https:\/\/www.durofix.com\/reseller\/#website"},"primaryImageOfPage":{"@id":"https:\/\/www.durofix.com\/reseller\/product-support-warranty\/#primaryimage"},"image":{"@id":"https:\/\/www.durofix.com\/reseller\/product-support-warranty\/#primaryimage"},"thumbnailUrl":"https:\/\/www.durofix.com\/reseller\/wp-content\/uploads\/sites\/22\/2019\/09\/Durofix-logo.png","datePublished":"2020-02-11T23:59:01+00:00","dateModified":"2020-02-12T00:14:58+00:00","breadcrumb":{"@id":"https:\/\/www.durofix.com\/reseller\/product-support-warranty\/#breadcrumb"},"inLanguage":"en-US","potentialAction":[{"@type":"ReadAction","target":["https:\/\/www.durofix.com\/reseller\/product-support-warranty\/"]}]},{"@type":"ImageObject","inLanguage":"en-US","@id":"https:\/\/www.durofix.com\/reseller\/product-support-warranty\/#primaryimage","url":"https:\/\/www.durofix.com\/reseller\/wp-content\/uploads\/sites\/22\/2019\/09\/Durofix-logo.png","contentUrl":"https:\/\/www.durofix.com\/reseller\/wp-content\/uploads\/sites\/22\/2019\/09\/Durofix-logo.png","width":1876,"height":547},{"@type":"BreadcrumbList","@id":"https:\/\/www.durofix.com\/reseller\/product-support-warranty\/#breadcrumb","itemListElement":[{"@type":"ListItem","position":1,"name":"Home","item":"https:\/\/www.durofix.com\/reseller\/"},{"@type":"ListItem","position":2,"name":"Soporte y garant\u00eda de los productos"}]},{"@type":"WebSite","@id":"https:\/\/www.durofix.com\/reseller\/#website","url":"https:\/\/www.durofix.com\/reseller\/","name":"Durofix-B2B","description":"","potentialAction":[{"@type":"SearchAction","target":{"@type":"EntryPoint","urlTemplate":"https:\/\/www.durofix.com\/reseller\/?s={search_term_string}"},"query-input":{"@type":"PropertyValueSpecification","valueRequired":true,"valueName":"search_term_string"}}],"inLanguage":"en-US"}]}},"jetpack_sharing_enabled":true,"_links":{"self":[{"href":"https:\/\/www.durofix.com\/reseller\/wp-json\/wp\/v2\/pages\/7374","targetHints":{"allow":["GET"]}}],"collection":[{"href":"https:\/\/www.durofix.com\/reseller\/wp-json\/wp\/v2\/pages"}],"about":[{"href":"https:\/\/www.durofix.com\/reseller\/wp-json\/wp\/v2\/types\/page"}],"author":[{"embeddable":true,"href":"https:\/\/www.durofix.com\/reseller\/wp-json\/wp\/v2\/users\/1"}],"replies":[{"embeddable":true,"href":"https:\/\/www.durofix.com\/reseller\/wp-json\/wp\/v2\/comments?post=7374"}],"version-history":[{"count":0,"href":"https:\/\/www.durofix.com\/reseller\/wp-json\/wp\/v2\/pages\/7374\/revisions"}],"wp:featuredmedia":[{"embeddable":true,"href":"https:\/\/www.durofix.com\/reseller\/wp-json\/wp\/v2\/media\/6501"}],"wp:attachment":[{"href":"https:\/\/www.durofix.com\/reseller\/wp-json\/wp\/v2\/media?parent=7374"}],"curies":[{"name":"wp","href":"https:\/\/api.w.org\/{rel}","templated":true}]}}